{"id":114,"date":"2025-10-22T11:18:42","date_gmt":"2025-10-22T11:18:42","guid":{"rendered":"https:\/\/nicolysouzapsicoterapeuta.pt\/wordpress\/?page_id=114"},"modified":"2025-12-21T14:48:49","modified_gmt":"2025-12-21T14:48:49","slug":"contact","status":"publish","type":"page","link":"https:\/\/nicolysouzapsicoterapeuta.pt\/?page_id=114","title":{"rendered":"Contato"},"content":{"rendered":"\t\t<div data-elementor-type=\"wp-page\" data-elementor-id=\"114\" class=\"elementor elementor-114\">\n\t\t\t\t<div class=\"elementor-element elementor-element-2a12b70b e-flex e-con-boxed e-con e-parent\" data-id=\"2a12b70b\" data-element_type=\"container\">\n\t\t\t\t\t<div class=\"e-con-inner\">\n\t\t<div class=\"elementor-element elementor-element-42b127d2 e-con-full e-flex e-con e-child\" data-id=\"42b127d2\" data-element_type=\"container\">\n\t\t\t\t<div class=\"elementor-element elementor-element-4b2006f6 elementor-widget elementor-widget-elementskit-heading\" data-id=\"4b2006f6\" data-element_type=\"widget\" data-widget_type=\"elementskit-heading.default\">\n\t\t\t\t\t<div class=\"ekit-wid-con\" ><div class=\"ekit-heading elementskit-section-title-wraper text_left   ekit_heading_tablet-   ekit_heading_mobile-\"><div class=\"ekit-heading--title elementskit-section-title \">Contactos<\/div>\t\t\t\t<div class='ekit-heading__description'>\n\t\t\t\t\t<p>Atendimento presencial e online, com total sigilo e acolhimento.<\/p>\n\t\t\t\t<\/div>\n\t\t\t<\/div><\/div>\t\t\t\t<\/div>\n\t\t\t\t<div class=\"elementor-element elementor-element-7be9b9e ekit-equal-height-disable elementor-widget elementor-widget-elementskit-icon-box\" data-id=\"7be9b9e\" data-element_type=\"widget\" data-widget_type=\"elementskit-icon-box.default\">\n\t\t\t\t\t<div class=\"ekit-wid-con\" >        <!-- link opening -->\n                <a href=\"tel:+123%20345%20678%20900\" class=\"ekit_global_links\">\n                <!-- end link opening -->\n\n        <div class=\"elementskit-infobox text- text- icon-lef-right-aligin elementor-animation-   \">\n                        <div class=\"box-body\">\n                            <h3 class=\"elementskit-info-box-title\">\n                    E- mail:                <\/h3>\n                        \t\t  \t<p>contacto@nicolysouzapsicoterapeuta.pt<\/p>\n                                <\/div>\n        \n        \n                <\/div>\n                <\/a>\n        <\/div>\t\t\t\t<\/div>\n\t\t\t\t<div class=\"elementor-element elementor-element-3dc01554 ekit-equal-height-disable elementor-widget elementor-widget-elementskit-icon-box\" data-id=\"3dc01554\" data-element_type=\"widget\" data-widget_type=\"elementskit-icon-box.default\">\n\t\t\t\t\t<div class=\"ekit-wid-con\" >        <!-- link opening -->\n                <a href=\"tel:+123%20345%20678%20900\" class=\"ekit_global_links\">\n                <!-- end link opening -->\n\n        <div class=\"elementskit-infobox text- text- icon-lef-right-aligin elementor-animation-   \">\n                        <div class=\"box-body\">\n                            <h3 class=\"elementskit-info-box-title\">\n                    Telefone                <\/h3>\n                        \t\t  \t<p>+351 911 818 027<\/p>\n                                <\/div>\n        \n        \n                <\/div>\n                <\/a>\n        <\/div>\t\t\t\t<\/div>\n\t\t\t\t<div class=\"elementor-element elementor-element-6a69420a elementor-widget elementor-widget-elementskit-social-media\" data-id=\"6a69420a\" data-element_type=\"widget\" data-widget_type=\"elementskit-social-media.default\">\n\t\t\t\t<div class=\"elementor-widget-container\">\n\t\t\t\t\t<div class=\"ekit-wid-con\" >\t\t\t <ul class=\"ekit_social_media\">\n\t\t\t\t\t\t\t\t\t\t\t\t\t\t<li class=\"elementor-repeater-item-4a2dbef\">\n\t\t\t\t\t    <a\n\t\t\t\t\t\thref=\"https:\/\/www.facebook.com\/nicolygabrielle.diasdesouza\/?locale=pt_PT\" aria-label=\"Facebook\" class=\"facebook\" >\n\t\t\t\t\t\t\t\n\t\t\t\t\t\t\t<i aria-hidden=\"true\" class=\"icon icon-facebook\"><\/i>\n                                                                                                            <\/a>\n                    <\/li>\n                    \t\t\t\t\t\t\t\t\t\t\t\t\t\t<li class=\"elementor-repeater-item-b8812f3\">\n\t\t\t\t\t    <a\n\t\t\t\t\t\thref=\"https:\/\/www.instagram.com\/nicolysouzapsicoterapeuta\" aria-label=\"Instagram\" class=\"1\" >\n\t\t\t\t\t\t\t\n\t\t\t\t\t\t\t<i aria-hidden=\"true\" class=\"icon icon-instagram-1\"><\/i>\n                                                                                                            <\/a>\n                    <\/li>\n                    \t\t\t\t\t\t\t\t\t\t\t\t\t\t<li class=\"elementor-repeater-item-f8edb81\">\n\t\t\t\t\t    <a\n\t\t\t\t\t\thref=\"https:\/\/vimeo.com\/\" aria-label=\"E-mail\" class=\"email1\" >\n\t\t\t\t\t\t\t\n\t\t\t\t\t\t\t<i aria-hidden=\"true\" class=\"icon icon-email1\"><\/i>\n                                                                                                            <\/a>\n                    <\/li>\n                    \t\t\t\t\t\t\t\t\t\t\t\t\t\t<li class=\"elementor-repeater-item-98991bc\">\n\t\t\t\t\t    <a\n\t\t\t\t\t\thref=\"https:\/\/api.whatsapp.com\/send\/?phone=351911818027&#038;text&#038;type=phone_number&#038;app_absent=0\" aria-label=\"Whatszapp\" class=\"1\" >\n\t\t\t\t\t\t\t\n\t\t\t\t\t\t\t<i aria-hidden=\"true\" class=\"icon icon-whatsapp-1\"><\/i>\n                                                                                                            <\/a>\n                    <\/li>\n                    \t\t\t\t\t\t\t<\/ul>\n\t\t<\/div>\t\t\t\t<\/div>\n\t\t\t\t<\/div>\n\t\t\t\t<\/div>\n\t\t<div class=\"elementor-element elementor-element-2f29a8fb e-con-full e-flex e-con e-child\" data-id=\"2f29a8fb\" data-element_type=\"container\">\n\t\t\t\t<div class=\"elementor-element elementor-element-75eaa01 elementor-widget elementor-widget-heading\" data-id=\"75eaa01\" data-element_type=\"widget\" data-widget_type=\"heading.default\">\n\t\t\t\t\t<h2 class=\"elementor-heading-title elementor-size-default\">Para mais informa\u00e7\u00f5es<\/h2>\t\t\t\t<\/div>\n\t\t\t\t<div class=\"elementor-element elementor-element-391efd2 elementor-widget elementor-widget-wpforms\" data-id=\"391efd2\" data-element_type=\"widget\" data-widget_type=\"wpforms.default\">\n\t\t\t\t<div class=\"elementor-widget-container\">\n\t\t\t\t\t<div class=\"wpforms-container wpforms-container-full wpforms-render-modern\" id=\"wpforms-356\"><form id=\"wpforms-form-356\" class=\"wpforms-validate wpforms-form wpforms-ajax-form\" data-formid=\"356\" method=\"post\" enctype=\"multipart\/form-data\" action=\"\/index.php?rest_route=%2Fwp%2Fv2%2Fpages%2F114\" data-token=\"82f18f1d3aa5a60f659bcb5452f14416\" data-token-time=\"1776553875\"><noscript class=\"wpforms-error-noscript\">Please enable JavaScript in your browser to complete this form.<\/noscript><div id=\"wpforms-error-noscript\" style=\"display: none;\">Please enable JavaScript in your browser to complete this form.<\/div><div class=\"wpforms-field-container\"><div id=\"wpforms-356-field_1-container\" class=\"wpforms-field wpforms-field-name\" data-field-id=\"1\"><fieldset><legend class=\"wpforms-field-label\">Nome <span class=\"wpforms-required-label\" aria-hidden=\"true\">*<\/span><\/legend><div class=\"wpforms-field-row wpforms-field-medium\"><div class=\"wpforms-field-row-block wpforms-first wpforms-one-half\"><input type=\"text\" id=\"wpforms-356-field_1\" class=\"wpforms-field-name-first wpforms-field-required\" name=\"wpforms[fields][1][first]\" aria-errormessage=\"wpforms-356-field_1-error\" required><label for=\"wpforms-356-field_1\" class=\"wpforms-field-sublabel after\">First<\/label><\/div><div class=\"wpforms-field-row-block wpforms-one-half\"><input type=\"text\" id=\"wpforms-356-field_1-last\" class=\"wpforms-field-name-last wpforms-field-required\" name=\"wpforms[fields][1][last]\" aria-errormessage=\"wpforms-356-field_1-last-error\" required><label for=\"wpforms-356-field_1-last\" class=\"wpforms-field-sublabel after\">Last<\/label><\/div><\/div><\/fieldset><\/div><div id=\"wpforms-356-field_8-container\" class=\"wpforms-field wpforms-field-email\" data-field-id=\"8\"><label class=\"wpforms-field-label\" for=\"wpforms-356-field_8\">E-mail <span class=\"wpforms-required-label\" aria-hidden=\"true\">*<\/span><\/label><input type=\"email\" id=\"wpforms-356-field_8\" class=\"wpforms-field-medium wpforms-field-required\" name=\"wpforms[fields][8]\" spellcheck=\"false\" aria-errormessage=\"wpforms-356-field_8-error\" required><\/div><div id=\"wpforms-356-field_11-container\" class=\"wpforms-field wpforms-field-number\" data-field-id=\"11\"><label class=\"wpforms-field-label\" for=\"wpforms-356-field_11\">Contacto<\/label><input type=\"number\" id=\"wpforms-356-field_11\" class=\"wpforms-field-medium\" name=\"wpforms[fields][11]\" step=\"any\" aria-errormessage=\"wpforms-356-field_11-error\" ><\/div><div id=\"wpforms-356-field_4-container\" class=\"wpforms-field wpforms-field-radio\" data-field-id=\"4\"><fieldset><legend class=\"wpforms-field-label\">Deseja saber informa\u00e7\u00f5es sobre:<\/legend><ul id=\"wpforms-356-field_4\"><li class=\"choice-1 depth-1\"><input type=\"radio\" id=\"wpforms-356-field_4_1\" name=\"wpforms[fields][4]\" value=\"Acompanhamento terap\u00eautico\" aria-errormessage=\"wpforms-356-field_4_1-error\"  ><label class=\"wpforms-field-label-inline\" for=\"wpforms-356-field_4_1\">Acompanhamento terap\u00eautico<\/label><\/li><li class=\"choice-2 depth-1\"><input type=\"radio\" id=\"wpforms-356-field_4_2\" name=\"wpforms[fields][4]\" value=\"Constela\u00e7\u00e3o Individual\" aria-errormessage=\"wpforms-356-field_4_2-error\"  ><label class=\"wpforms-field-label-inline\" for=\"wpforms-356-field_4_2\">Constela\u00e7\u00e3o Individual<\/label><\/li><li class=\"choice-3 depth-1\"><input type=\"radio\" id=\"wpforms-356-field_4_3\" name=\"wpforms[fields][4]\" value=\"Constela\u00e7\u00e3o em Grupo\" aria-errormessage=\"wpforms-356-field_4_3-error\"  ><label class=\"wpforms-field-label-inline\" for=\"wpforms-356-field_4_3\">Constela\u00e7\u00e3o em Grupo<\/label><\/li><\/ul><\/fieldset><\/div>\t\t<div id=\"wpforms-356-field_2-container\"\n\t\t\tclass=\"wpforms-field wpforms-field-text\"\n\t\t\tdata-field-type=\"text\"\n\t\t\tdata-field-id=\"2\"\n\t\t\t>\n\t\t\t<label class=\"wpforms-field-label\" for=\"wpforms-356-field_2\" >sobre: descri\u00e7\u00e3o informa\u00e7\u00f5es<\/label>\n\t\t\t<input type=\"text\" id=\"wpforms-356-field_2\" class=\"wpforms-field-medium\" name=\"wpforms[fields][2]\" >\n\t\t<\/div>\n\t\t<div id=\"wpforms-356-field_6-container\" class=\"wpforms-field wpforms-field-select wpforms-field-select-style-classic\" data-field-id=\"6\"><label class=\"wpforms-field-label\" for=\"wpforms-356-field_6\">J\u00e1 passou por algum processo terap\u00eautico anteriormente? <\/label><select id=\"wpforms-356-field_6\" class=\"wpforms-field-medium\" name=\"wpforms[fields][6]\"><option value=\"N\u00e3o\"  class=\"choice-4 depth-1\"  >N\u00e3o<\/option><option value=\"Sim, por menos de 6 meses\"  class=\"choice-1 depth-1\"  >Sim, por menos de 6 meses<\/option><option value=\"Sim, por mais de 6 meses\"  class=\"choice-2 depth-1\"  >Sim, por mais de 6 meses<\/option><\/select><\/div><div id=\"wpforms-356-field_7-container\" class=\"wpforms-field wpforms-field-textarea\" data-field-id=\"7\"><label class=\"wpforms-field-label\" for=\"wpforms-356-field_7\">Breve descri\u00e7\u00e3o de como posso te ajudar. <\/label><textarea id=\"wpforms-356-field_7\" class=\"wpforms-field-medium\" name=\"wpforms[fields][7]\" aria-errormessage=\"wpforms-356-field_7-error\" ><\/textarea><\/div><script>\n\t\t\t\t( function() {\n\t\t\t\t\tconst style = document.createElement( 'style' );\n\t\t\t\t\tstyle.appendChild( document.createTextNode( '#wpforms-356-field_2-container { position: absolute !important; overflow: hidden !important; display: inline !important; height: 1px !important; width: 1px !important; z-index: -1000 !important; padding: 0 !important; } #wpforms-356-field_2-container input { visibility: hidden; } #wpforms-conversational-form-page #wpforms-356-field_2-container label { counter-increment: none; }' ) );\n\t\t\t\t\tdocument.head.appendChild( style );\n\t\t\t\t\tdocument.currentScript?.remove();\n\t\t\t\t} )();\n\t\t\t<\/script><\/div><!-- .wpforms-field-container --><div class=\"wpforms-submit-container\" ><input type=\"hidden\" name=\"wpforms[id]\" value=\"356\"><input type=\"hidden\" name=\"page_title\" value=\"\"><input type=\"hidden\" name=\"page_url\" value=\"https:\/\/nicolysouzapsicoterapeuta.pt\/index.php?rest_route=\/wp\/v2\/pages\/114\"><input type=\"hidden\" name=\"url_referer\" value=\"\"><button type=\"submit\" name=\"wpforms[submit]\" id=\"wpforms-submit-356\" class=\"wpforms-submit\" data-alt-text=\"Sending...\" data-submit-text=\"Enviar\" aria-live=\"assertive\" value=\"wpforms-submit\">Enviar<\/button><img decoding=\"async\" src=\"https:\/\/nicolysouzapsicoterapeuta.pt\/wp-content\/plugins\/wpforms-lite\/assets\/images\/submit-spin.svg\" class=\"wpforms-submit-spinner\" style=\"display: none;\" width=\"26\" height=\"26\" alt=\"Loading\"><\/div><\/form><\/div>  <!-- .wpforms-container -->\t\t\t\t<\/div>\n\t\t\t\t<\/div>\n\t\t\t\t<\/div>\n\t\t\t\t\t<\/div>\n\t\t\t\t<\/div>\n\t\t<div class=\"elementor-element elementor-element-199d6f2 e-flex e-con-boxed e-con e-parent\" data-id=\"199d6f2\" data-element_type=\"container\">\n\t\t\t\t\t<div class=\"e-con-inner\">\n\t\t<div class=\"elementor-element elementor-element-a9c897f e-con-full e-flex e-con e-child\" data-id=\"a9c897f\" data-element_type=\"container\">\n\t\t<div class=\"elementor-element elementor-element-948dc0e e-con-full e-flex e-con e-child\" data-id=\"948dc0e\" data-element_type=\"container\">\n\t\t\t\t<div class=\"elementor-element elementor-element-a361a13 elementor-widget elementor-widget-heading\" data-id=\"a361a13\" data-element_type=\"widget\" data-widget_type=\"heading.default\">\n\t\t\t\t\t<h2 class=\"elementor-heading-title elementor-size-default\">Atendimento Online e Presencial<\/h2>\t\t\t\t<\/div>\n\t\t\t\t<div class=\"elementor-element elementor-element-ef3409b elementor-widget elementor-widget-text-editor\" data-id=\"ef3409b\" data-element_type=\"widget\" data-widget_type=\"text-editor.default\">\n\t\t\t\t\t\t\t\t\t<p>Um <em><b>olhar profundo sobre as din\u00e2micas invis\u00edveis<\/b><\/em> que te impedem de avan\u00e7ar. A constela\u00e7\u00e3o traz \u00e0 luz o que o amor tentou esconder, permitindo que a vida volte a fluir com leveza e consci\u00eancia.<\/p>\t\t\t\t\t\t\t\t<\/div>\n\t\t\t\t<div class=\"elementor-element elementor-element-8e3b338 elementor-widget elementor-widget-button\" data-id=\"8e3b338\" data-element_type=\"widget\" data-widget_type=\"button.default\">\n\t\t\t\t\t\t\t\t\t\t<a class=\"elementor-button elementor-button-link elementor-size-sm\" href=\"https:\/\/api.whatsapp.com\/send\/?phone=351911818027&#038;text&#038;type=phone_number&#038;app_absent=0\">\n\t\t\t\t\t\t<span class=\"elementor-button-content-wrapper\">\n\t\t\t\t\t\t\t\t\t<span class=\"elementor-button-text\">Agendar  Sess\u00e3o<\/span>\n\t\t\t\t\t<\/span>\n\t\t\t\t\t<\/a>\n\t\t\t\t\t\t\t\t<\/div>\n\t\t\t\t<\/div>\n\t\t<div class=\"elementor-element elementor-element-68b1461 e-con-full e-flex e-con e-child\" data-id=\"68b1461\" data-element_type=\"container\">\n\t\t\t\t<div class=\"elementor-element elementor-element-e5ce4b6 elementor-widget elementor-widget-image\" data-id=\"e5ce4b6\" data-element_type=\"widget\" data-widget_type=\"image.default\">\n\t\t\t\t\t\t\t\t\t\t\t\t\t\t\t<img fetchpriority=\"high\" decoding=\"async\" width=\"300\" height=\"179\" src=\"https:\/\/nicolysouzapsicoterapeuta.pt\/wp-content\/uploads\/2025\/11\/851f1f217414d58af16a883f6f1ca76e-e1765216081644-300x179.jpg\" class=\"attachment-medium size-medium wp-image-264\" alt=\"\" srcset=\"https:\/\/nicolysouzapsicoterapeuta.pt\/wp-content\/uploads\/2025\/11\/851f1f217414d58af16a883f6f1ca76e-e1765216081644-300x179.jpg 300w, https:\/\/nicolysouzapsicoterapeuta.pt\/wp-content\/uploads\/2025\/11\/851f1f217414d58af16a883f6f1ca76e-e1765216081644.jpg 736w\" sizes=\"(max-width: 300px) 100vw, 300px\" \/>\t\t\t\t\t\t\t\t\t\t\t\t\t\t\t<\/div>\n\t\t\t\t<\/div>\n\t\t\t\t<\/div>\n\t\t\t\t\t<\/div>\n\t\t\t\t<\/div>\n\t\t<div class=\"elementor-element elementor-element-77cafc1 e-flex e-con-boxed e-con e-parent\" data-id=\"77cafc1\" data-element_type=\"container\">\n\t\t\t\t\t<div class=\"e-con-inner\">\n\t\t<div class=\"elementor-element elementor-element-49d2694 e-con-full e-flex e-con e-child\" data-id=\"49d2694\" data-element_type=\"container\" data-settings=\"{&quot;background_background&quot;:&quot;classic&quot;}\">\n\t\t\t\t<div class=\"elementor-element elementor-element-3a2bc7d elementor-widget elementor-widget-heading\" data-id=\"3a2bc7d\" data-element_type=\"widget\" data-widget_type=\"heading.default\">\n\t\t\t\t\t<h2 class=\"elementor-heading-title elementor-size-default\">O que os pacientes est\u00e3o a dizer!<\/h2>\t\t\t\t<\/div>\n\t\t\t\t<div class=\"elementor-element elementor-element-f027110 elementor-widget elementor-widget-heading\" data-id=\"f027110\" data-element_type=\"widget\" data-widget_type=\"heading.default\">\n\t\t\t\t\t<h5 class=\"elementor-heading-title elementor-size-default\">Palavras de quem se permitiu curar e recome\u00e7ar.<\/h5>\t\t\t\t<\/div>\n\t\t\t\t<div class=\"elementor-element elementor-element-5b2de72 elementor-widget elementor-widget-image-carousel\" data-id=\"5b2de72\" data-element_type=\"widget\" data-settings=\"{&quot;slides_to_show&quot;:&quot;4&quot;,&quot;slides_to_show_tablet&quot;:&quot;3&quot;,&quot;navigation&quot;:&quot;none&quot;,&quot;pause_on_hover&quot;:&quot;no&quot;,&quot;pause_on_interaction&quot;:&quot;no&quot;,&quot;image_spacing_custom&quot;:{&quot;unit&quot;:&quot;px&quot;,&quot;size&quot;:&quot;55&quot;,&quot;sizes&quot;:[]},&quot;slides_to_scroll_tablet&quot;:&quot;1&quot;,&quot;slides_to_show_mobile&quot;:&quot;1&quot;,&quot;autoplay&quot;:&quot;yes&quot;,&quot;autoplay_speed&quot;:5000,&quot;infinite&quot;:&quot;yes&quot;,&quot;speed&quot;:500,&quot;image_spacing_custom_tablet&quot;:{&quot;unit&quot;:&quot;px&quot;,&quot;size&quot;:&quot;&quot;,&quot;sizes&quot;:[]}}\" data-widget_type=\"image-carousel.default\">\n\t\t\t\t\t\t\t<div class=\"elementor-image-carousel-wrapper swiper\" role=\"region\" aria-roledescription=\"carousel\" aria-label=\"Carrossel de imagens\" dir=\"ltr\">\n\t\t\t<div class=\"elementor-image-carousel swiper-wrapper\" aria-live=\"off\">\n\t\t\t\t\t\t\t\t<div class=\"swiper-slide\" role=\"group\" aria-roledescription=\"slide\" aria-label=\"1 of 6\"><figure class=\"swiper-slide-inner\"><img decoding=\"async\" class=\"swiper-slide-image\" src=\"https:\/\/nicolysouzapsicoterapeuta.pt\/wp-content\/uploads\/2025\/10\/4.png\" alt=\"4\" \/><\/figure><\/div><div class=\"swiper-slide\" role=\"group\" aria-roledescription=\"slide\" aria-label=\"2 of 6\"><figure class=\"swiper-slide-inner\"><img decoding=\"async\" class=\"swiper-slide-image\" src=\"https:\/\/nicolysouzapsicoterapeuta.pt\/wp-content\/uploads\/2025\/10\/5.png\" alt=\"5\" \/><\/figure><\/div><div class=\"swiper-slide\" role=\"group\" aria-roledescription=\"slide\" aria-label=\"3 of 6\"><figure class=\"swiper-slide-inner\"><img decoding=\"async\" class=\"swiper-slide-image\" src=\"https:\/\/nicolysouzapsicoterapeuta.pt\/wp-content\/uploads\/2025\/10\/6.png\" alt=\"6\" \/><\/figure><\/div><div class=\"swiper-slide\" role=\"group\" aria-roledescription=\"slide\" aria-label=\"4 of 6\"><figure class=\"swiper-slide-inner\"><img decoding=\"async\" class=\"swiper-slide-image\" src=\"https:\/\/nicolysouzapsicoterapeuta.pt\/wp-content\/uploads\/2025\/10\/1.png\" alt=\"1\" \/><\/figure><\/div><div class=\"swiper-slide\" role=\"group\" aria-roledescription=\"slide\" aria-label=\"5 of 6\"><figure class=\"swiper-slide-inner\"><img decoding=\"async\" class=\"swiper-slide-image\" src=\"https:\/\/nicolysouzapsicoterapeuta.pt\/wp-content\/uploads\/2025\/10\/2.png\" alt=\"2\" \/><\/figure><\/div><div class=\"swiper-slide\" role=\"group\" aria-roledescription=\"slide\" aria-label=\"6 of 6\"><figure class=\"swiper-slide-inner\"><img decoding=\"async\" class=\"swiper-slide-image\" src=\"https:\/\/nicolysouzapsicoterapeuta.pt\/wp-content\/uploads\/2025\/10\/3.png\" alt=\"3\" \/><\/figure><\/div>\t\t\t<\/div>\n\t\t\t\t\t\t\t\n\t\t\t\t\t\t\t\t\t<\/div>\n\t\t\t\t\t\t<\/div>\n\t\t\t\t<\/div>\n\t\t\t\t\t<\/div>\n\t\t\t\t<\/div>\n\t\t\t\t<\/div>\n\t\t","protected":false},"excerpt":{"rendered":"<p>Contactos Atendimento presencial e online, com total sigilo e acolhimento. E- mail: contacto@nicolysouzapsicoterapeuta.pt Telefone +351 911 818 027 Para mais informa\u00e7\u00f5es Please enable JavaScript in your browser to complete this form.Please enable JavaScript in your browser to complete this form. Nome * FirstLast E-mail *Contacto Deseja saber informa\u00e7\u00f5es sobre: Acompanhamento terap\u00eautico Constela\u00e7\u00e3o Individual Constela\u00e7\u00e3o em [&hellip;]<\/p>\n","protected":false},"author":1,"featured_media":0,"parent":0,"menu_order":0,"comment_status":"closed","ping_status":"closed","template":"elementor_canvas","meta":{"footnotes":""},"class_list":["post-114","page","type-page","status-publish","hentry"],"_links":{"self":[{"href":"https:\/\/nicolysouzapsicoterapeuta.pt\/index.php?rest_route=\/wp\/v2\/pages\/114","targetHints":{"allow":["GET"]}}],"collection":[{"href":"https:\/\/nicolysouzapsicoterapeuta.pt\/index.php?rest_route=\/wp\/v2\/pages"}],"about":[{"href":"https:\/\/nicolysouzapsicoterapeuta.pt\/index.php?rest_route=\/wp\/v2\/types\/page"}],"author":[{"embeddable":true,"href":"https:\/\/nicolysouzapsicoterapeuta.pt\/index.php?rest_route=\/wp\/v2\/users\/1"}],"replies":[{"embeddable":true,"href":"https:\/\/nicolysouzapsicoterapeuta.pt\/index.php?rest_route=%2Fwp%2Fv2%2Fcomments&post=114"}],"version-history":[{"count":41,"href":"https:\/\/nicolysouzapsicoterapeuta.pt\/index.php?rest_route=\/wp\/v2\/pages\/114\/revisions"}],"predecessor-version":[{"id":412,"href":"https:\/\/nicolysouzapsicoterapeuta.pt\/index.php?rest_route=\/wp\/v2\/pages\/114\/revisions\/412"}],"wp:attachment":[{"href":"https:\/\/nicolysouzapsicoterapeuta.pt\/index.php?rest_route=%2Fwp%2Fv2%2Fmedia&parent=114"}],"curies":[{"name":"wp","href":"https:\/\/api.w.org\/{rel}","templated":true}]}}